{"id":1088,"date":"2025-06-18T20:39:20","date_gmt":"2025-06-18T18:39:20","guid":{"rendered":"https:\/\/fivesquare.cz\/privacy-policy\/"},"modified":"2025-09-08T13:02:11","modified_gmt":"2025-09-08T11:02:11","slug":"privacy-policy","status":"publish","type":"page","link":"https:\/\/fivesquare.cz\/cs\/privacy-policy\/","title":{"rendered":"Z\u00e1sady ochrany osobn\u00edch \u00fadaj\u016f"},"content":{"rendered":"\t\t<div data-elementor-type=\"wp-page\" data-elementor-id=\"1088\" class=\"elementor elementor-1088 elementor-3\" data-elementor-post-type=\"page\">\n\t\t\t\t<div class=\"elementor-element elementor-element-6fda072 elementor-hidden-mobile e-flex e-con-boxed e-con e-parent\" data-id=\"6fda072\" data-element_type=\"container\" data-e-type=\"container\">\n\t\t\t\t\t<div class=\"e-con-inner\">\n\t\t\t\t<div class=\"elementor-element elementor-element-40eaf9e link-zoom-effect elementor-widget elementor-widget-image\" data-id=\"40eaf9e\" data-element_type=\"widget\" data-e-type=\"widget\" data-settings=\"{&quot;_animation&quot;:&quot;none&quot;}\" data-widget_type=\"image.default\">\n\t\t\t\t<div class=\"elementor-widget-container\">\n\t\t\t\t\t\t\t\t\t\t\t\t\t\t\t\t<a href=\"https:\/\/fivesquare.cz\/cs\/\">\n\t\t\t\t\t\t\t<img decoding=\"async\" width=\"711\" height=\"121\" src=\"https:\/\/fivesquare.cz\/wp-content\/uploads\/2025\/06\/fs_logo.svg\" class=\"attachment-full size-full wp-image-933\" alt=\"\" \/>\t\t\t\t\t\t\t\t<\/a>\n\t\t\t\t\t\t\t\t\t\t\t\t\t\t\t<\/div>\n\t\t\t\t<\/div>\n\t\t\t\t\t<\/div>\n\t\t\t\t<\/div>\n\t\t<div class=\"elementor-element elementor-element-b19764c e-flex e-con-boxed e-con e-parent\" data-id=\"b19764c\" data-element_type=\"container\" data-e-type=\"container\" data-settings=\"{&quot;background_background&quot;:&quot;classic&quot;}\">\n\t\t\t\t\t<div class=\"e-con-inner\">\n\t\t\t\t<div class=\"elementor-element elementor-element-879bced elementor-widget elementor-widget-heading\" data-id=\"879bced\" data-element_type=\"widget\" data-e-type=\"widget\" data-widget_type=\"heading.default\">\n\t\t\t\t<div class=\"elementor-widget-container\">\n\t\t\t\t\t<h1 class=\"elementor-heading-title elementor-size-default\">Z\u00e1sady ochrany osobn\u00edch \u00fadaj\u016f<\/h1>\t\t\t\t<\/div>\n\t\t\t\t<\/div>\n\t\t\t\t<div class=\"elementor-element elementor-element-d9f5485 elementor-widget__width-initial elementor-widget-divider--view-line elementor-widget elementor-widget-divider\" data-id=\"d9f5485\" data-element_type=\"widget\" data-e-type=\"widget\" data-widget_type=\"divider.default\">\n\t\t\t\t<div class=\"elementor-widget-container\">\n\t\t\t\t\t\t\t<div class=\"elementor-divider\">\n\t\t\t<span class=\"elementor-divider-separator\">\n\t\t\t\t\t\t<\/span>\n\t\t<\/div>\n\t\t\t\t\t\t<\/div>\n\t\t\t\t<\/div>\n\t\t\t\t<div class=\"elementor-element elementor-element-12d725ef elementor-widget elementor-widget-text-editor\" data-id=\"12d725ef\" data-element_type=\"widget\" data-e-type=\"widget\" data-widget_type=\"text-editor.default\">\n\t\t\t\t<div class=\"elementor-widget-container\">\n\t\t\t\t\t\t\t\t\t<p>Spole\u010dnost FiveSquare s.r.o. (\u201eFiveSquare\u201c, \u201emy\u201c nebo \u201en\u00e1s\u201c) se zavazuje chr\u00e1nit osobn\u00ed \u00fadaje sv\u00fdch klient\u016f (\u201evy\u201c nebo \u201ev\u00e1s\u201c), kter\u00e9 od v\u00e1s z\u00edsk\u00e1v\u00e1me, a to v souladu s t\u011bmito Z\u00e1sadami ochrany osobn\u00edch \u00fadaj\u016f (\u201eZ\u00e1sady\u201c).<\/p><p>Vztah s v\u00e1mi je pro n\u00e1s nejcenn\u011bj\u0161\u00edm aktivem. Uv\u011bdomujeme si, \u017ee jste n\u00e1m sv\u011b\u0159ili sv\u00e9 osobn\u00ed \u00fadaje, a ud\u011bl\u00e1me v\u0161e pro to, abychom si va\u0161i d\u016fv\u011bru udr\u017eeli. FiveSquare chr\u00e1n\u00ed bezpe\u010dnost a d\u016fv\u011brnost osobn\u00edch \u00fadaj\u016f, kter\u00e9 m\u00e1 k dispozici, a zav\u00e1d\u00ed odpov\u00eddaj\u00edc\u00ed opat\u0159en\u00ed k zaji\u0161t\u011bn\u00ed, \u017ee tyto \u00fadaje jsou vyu\u017e\u00edv\u00e1ny v\u00fdhradn\u011b k legitimn\u00edm obchodn\u00edm \u00fa\u010del\u016fm v r\u00e1mci spr\u00e1vy a poskytov\u00e1n\u00ed na\u0161ich slu\u017eeb.<\/p><p>FiveSquare neprod\u00e1v\u00e1 va\u0161e neve\u0159ejn\u00e9 osobn\u00ed \u00fadaje \u017e\u00e1dn\u00fdm t\u0159et\u00edm stran\u00e1m, ani je neposkytuje jinak ne\u017e v rozsahu nezbytn\u00e9m pro legitimn\u00ed a p\u0159im\u011b\u0159en\u00e9 obchodn\u00ed \u00fa\u010dely souvisej\u00edc\u00ed s poskytov\u00e1n\u00edm a spr\u00e1vou na\u0161ich slu\u017eeb, jak je uvedeno n\u00ed\u017ee.<\/p><p>Podrobnosti o na\u0161em p\u0159\u00edstupu k ochran\u011b soukrom\u00ed a zp\u016fsobu, jak\u00fdm shroma\u017e\u010fujeme a vyu\u017e\u00edv\u00e1me va\u0161e neve\u0159ejn\u00e9 osobn\u00ed \u00fadaje, jsou uvedeny v tomto Ozn\u00e1men\u00ed o ochran\u011b osobn\u00edch \u00fadaj\u016f.<\/p><p>Za \u00fa\u010delem ochrany va\u0161ich osobn\u00edch \u00fadaj\u016f p\u0159ed neopr\u00e1vn\u011bn\u00fdm p\u0159\u00edstupem a zneu\u017eit\u00edm uplat\u0148ujeme fyzick\u00e1, procedur\u00e1ln\u00ed i elektronick\u00e1 bezpe\u010dnostn\u00ed opat\u0159en\u00ed. Mezi tato opat\u0159en\u00ed pat\u0159\u00ed nap\u0159\u00edklad zabezpe\u010den\u00e1 hesla, \u0161ifrovan\u00e9 ukl\u00e1d\u00e1n\u00ed dat a bezpe\u010dn\u00e9 kancel\u00e1\u0159sk\u00e9 prost\u0159ed\u00ed. Na\u0161i technologi\u010dt\u00ed dodavatel\u00e9 zaji\u0161\u0165uj\u00ed kontrolu p\u0159\u00edstupu a bezpe\u010dn\u00fd p\u0159enos \u00fadaj\u016f. Na\u0161i zam\u011bstnanci a partne\u0159i jsou \u0159\u00e1dn\u011b pro\u0161koleni v oblasti ochrany osobn\u00edch \u00fadaj\u016f a zav\u00e1z\u00e1ni dodr\u017eovat sv\u00e9 povinnosti v t\u00e9to oblasti. Od t\u0159et\u00edch stran, kter\u00e9 n\u00e1m pom\u00e1haj\u00ed se zaji\u0161t\u011bn\u00edm slu\u017eeb, po\u017eadujeme, aby osobn\u00ed \u00fadaje chr\u00e1nily stejn\u011b p\u0159\u00edsn\u011b jako my.<\/p><p>Va\u0161e osobn\u00ed \u00fadaje m\u016f\u017eeme p\u0159\u00edle\u017eitostn\u011b sd\u00edlet za \u00fa\u010delem efektivn\u00edho poskytov\u00e1n\u00ed dohodnut\u00fdch slu\u017eeb, a to v souladu s platn\u00fdmi pr\u00e1vn\u00edmi p\u0159edpisy. \u00dadaje sd\u00edl\u00edme v\u00fdhradn\u011b pro \u00fa\u010dely poskytov\u00e1n\u00ed slu\u017eeb, nikoli pro marketingov\u00e9 \u00fa\u010dely.<\/p><p>Pokud m\u00e1te bydli\u0161t\u011b v Evropsk\u00e9m hospod\u00e1\u0159sk\u00e9m prostoru (EHP), Spojen\u00e9m kr\u00e1lovstv\u00ed nebo \u0160v\u00fdcarsku, \u0159\u00edd\u00ed se na\u0161e nakl\u00e1d\u00e1n\u00ed s va\u0161imi osobn\u00edmi \u00fadaji obecn\u00fdm na\u0159\u00edzen\u00edm o ochran\u011b osobn\u00edch \u00fadaj\u016f (GDPR), p\u0159\u00edpadn\u011b p\u0159\u00edslu\u0161n\u00fdmi n\u00e1rodn\u00edmi p\u0159edpisy. Tyto p\u0159edpisy v\u00e1m zaru\u010duj\u00ed ur\u010dit\u00e1 pr\u00e1va, v\u010detn\u011b pr\u00e1va na p\u0159\u00edstup, opravu, p\u0159enositelnost \u010di v\u00fdmaz va\u0161ich osobn\u00edch \u00fadaj\u016f, kter\u00e9 o v\u00e1s zpracov\u00e1v\u00e1me \u2013 s ohledem na na\u0161e opr\u00e1vn\u011bn\u00e9 z\u00e1jmy a p\u0159\u00edpadn\u00e9 pr\u00e1vn\u00ed povinnosti, kter\u00fdm podl\u00e9h\u00e1me.<\/p><p>V r\u00e1mci EHP, Spojen\u00e9ho kr\u00e1lovstv\u00ed \u010di \u0160v\u00fdcarska m\u00e1te rovn\u011b\u017e pr\u00e1vo podat st\u00ed\u017enost k p\u0159\u00edslu\u0161n\u00e9mu dozorov\u00e9mu \u00fa\u0159adu na zp\u016fsob, jak\u00fdm nakl\u00e1d\u00e1me s va\u0161imi osobn\u00edmi \u00fadaji. Pro v\u00edce informac\u00ed se pros\u00edm obra\u0165te na p\u0159\u00edslu\u0161n\u00fd m\u00edstn\u00ed \u00fa\u0159ad pro ochranu osobn\u00edch \u00fadaj\u016f.<\/p><p>Reagujeme na v\u0161echny \u017e\u00e1dosti, kter\u00e9 obdr\u017e\u00edme od jednotlivc\u016f uplat\u0148uj\u00edc\u00edch sv\u00e1 pr\u00e1va podle p\u0159\u00edslu\u0161n\u00fdch pr\u00e1vn\u00edch p\u0159edpis\u016f o ochran\u011b osobn\u00edch \u00fadaj\u016f. Pro ochranu va\u0161eho soukrom\u00ed a bezpe\u010dnosti si vyhrazujeme pr\u00e1vo podniknout p\u0159im\u011b\u0159en\u00e9 kroky k ov\u011b\u0159en\u00ed va\u0161\u00ed toto\u017enosti p\u0159ed t\u00edm, ne\u017e na va\u0161i \u017e\u00e1dost odpov\u00edme. Pokud si p\u0159ejete sv\u00e1 pr\u00e1va uplatnit, kontaktujte n\u00e1s na adrese: info@fivesquare.cz. Pokud se n\u00e1m va\u0161i st\u00ed\u017enost nepoda\u0159\u00ed vy\u0159e\u0161it, m\u016f\u017eete se obr\u00e1tit na p\u0159\u00edslu\u0161n\u00fd dozorov\u00fd \u00fa\u0159ad ve va\u0161\u00ed zemi. D\u00e1le m\u00e1te pr\u00e1vo podat st\u00ed\u017enost na z\u00e1klad\u011b GDPR k relevantn\u00edmu dozorov\u00e9mu org\u00e1nu.<br \/>Pokud pot\u0159ebujete dal\u0161\u00ed pomoc v souvislosti s uplatn\u011bn\u00edm sv\u00fdch pr\u00e1v, kontaktujte n\u00e1s pros\u00edm na v\u00fd\u0161e uveden\u00e9 e-mailov\u00e9 adrese. Va\u0161i \u017e\u00e1dost posoud\u00edme v souladu s platn\u00fdmi pr\u00e1vn\u00edmi p\u0159edpisy.<\/p><p>V ur\u010dit\u00fdch p\u0159\u00edpadech m\u016f\u017ee b\u00fdt na\u0161e schopnost vyhov\u011bt va\u0161\u00ed \u017e\u00e1dosti o uplatn\u011bn\u00ed pr\u00e1v omezena na\u0161imi z\u00e1konn\u00fdmi povinnostmi zpracov\u00e1vat osobn\u00ed \u00fadaje za \u00fa\u010delem zaji\u0161t\u011bn\u00ed bezpe\u010dnosti, prevence podvod\u016f, pln\u011bn\u00ed regula\u010dn\u00edch \u010di z\u00e1konn\u00fdch po\u017eadavk\u016f, p\u0159\u00edpadn\u011b pokud je takov\u00e9 zpracov\u00e1n\u00ed nezbytn\u00e9 pro poskytov\u00e1n\u00ed v\u00e1mi po\u017eadovan\u00fdch slu\u017eeb. V takov\u00e9m p\u0159\u00edpad\u011b v\u00e1s budeme o t\u011bchto konkr\u00e9tn\u00edch okolnostech informovat v reakci na va\u0161i \u017e\u00e1dost.<\/p><p>Toto Ozn\u00e1men\u00ed o ochran\u011b osobn\u00edch \u00fadaj\u016f m\u016f\u017ee b\u00fdt \u010das od \u010dasu revidov\u00e1no, a to bez toho, ani\u017e by byly podstatn\u011b zm\u011bn\u011bny zp\u016fsoby, jak\u00fdm sd\u00edl\u00edme va\u0161e osobn\u00ed \u00fadaje.<\/p>\t\t\t\t\t\t\t\t<\/div>\n\t\t\t\t<\/div>\n\t\t\t\t\t<\/div>\n\t\t\t\t<\/div>\n\t\t\t\t<\/div>\n\t\t","protected":false},"excerpt":{"rendered":"<p>Spole\u010dnost FiveSquare s.r.o. (\u201eFiveSquare\u201c, \u201emy\u201c nebo \u201en\u00e1s\u201c) se zavazuje chr\u00e1nit osobn\u00ed \u00fadaje sv\u00fdch klient\u016f (\u201evy\u201c nebo \u201ev\u00e1s\u201c), kter\u00e9 od v\u00e1s z\u00edsk\u00e1v\u00e1me, a to v souladu s t\u011bmito Z\u00e1sadami ochrany osobn\u00edch \u00fadaj\u016f (\u201eZ\u00e1sady\u201c). Vztah s v\u00e1mi je pro n\u00e1s nejcenn\u011bj\u0161\u00edm aktivem. Uv\u011bdomujeme si, \u017ee jste n\u00e1m sv\u011b\u0159ili sv\u00e9 osobn\u00ed \u00fadaje, a ud\u011bl\u00e1me v\u0161e pro to, abychom [&hellip;]<\/p>\n","protected":false},"author":1,"featured_media":0,"parent":0,"menu_order":0,"comment_status":"closed","ping_status":"closed","template":"","meta":{"footnotes":""},"class_list":["post-1088","page","type-page","status-publish","hentry"],"_links":{"self":[{"href":"https:\/\/fivesquare.cz\/cs\/wp-json\/wp\/v2\/pages\/1088","targetHints":{"allow":["GET"]}}],"collection":[{"href":"https:\/\/fivesquare.cz\/cs\/wp-json\/wp\/v2\/pages"}],"about":[{"href":"https:\/\/fivesquare.cz\/cs\/wp-json\/wp\/v2\/types\/page"}],"author":[{"embeddable":true,"href":"https:\/\/fivesquare.cz\/cs\/wp-json\/wp\/v2\/users\/1"}],"replies":[{"embeddable":true,"href":"https:\/\/fivesquare.cz\/cs\/wp-json\/wp\/v2\/comments?post=1088"}],"version-history":[{"count":9,"href":"https:\/\/fivesquare.cz\/cs\/wp-json\/wp\/v2\/pages\/1088\/revisions"}],"predecessor-version":[{"id":1182,"href":"https:\/\/fivesquare.cz\/cs\/wp-json\/wp\/v2\/pages\/1088\/revisions\/1182"}],"wp:attachment":[{"href":"https:\/\/fivesquare.cz\/cs\/wp-json\/wp\/v2\/media?parent=1088"}],"curies":[{"name":"wp","href":"https:\/\/api.w.org\/{rel}","templated":true}]}}